{"id":882,"date":"2022-05-17T19:25:03","date_gmt":"2022-05-17T19:25:03","guid":{"rendered":"https:\/\/puds.unr.edu.ar\/?page_id=882"},"modified":"2022-05-17T19:25:03","modified_gmt":"2022-05-17T19:25:03","slug":"requisitos-de-admision","status":"publish","type":"page","link":"https:\/\/puds.unr.edu.ar\/?page_id=882","title":{"rendered":"REQUISITOS DE ADMISI\u00d3N"},"content":{"rendered":"\n<p>Ser mayor de 18 a\u00f1os y contar con t\u00edtulo secundario.<\/p>\n\n\n\n<p>Excepcionalmente se admitir\u00e1n aquellas personas mayores de 25 a\u00f1os que no hayan finalizado sus estudios secundarios.<\/p>\n\n\n\n<p><br>La documentaci\u00f3n a presentar para iniciar el tr\u00e1mite de admisi\u00f3n consistir\u00e1 en:<\/p>\n\n\n\n<ul class=\"wp-block-list\"><li>Ficha de inscripci\u00f3n completa (SIU Guarani3)<\/li><li>Copia certificada del DNI o pasaporte y copia de la partida de nacimiento.<\/li><li>Copia certificada de t\u00edtulo secundario.<\/li><\/ul>\n\n\n\n<p>Para postulantes extranjeres de habla no espa\u00f1ola ser\u00e1 requisito de admisi\u00f3n acreditar el nivel intermedio independiente (B2) o superior de conocimiento de la lengua espa\u00f1ola. En caso de ser admitides deber\u00e1n acreditar en forma previa a la defensa del trabajo final, el nivel avanzado del conocimiento de la lengua espa\u00f1ola.<\/p>\n\n\n\n<p>Les aspirantes podr\u00e1n acreditar los niveles indicados previamente mediante el certificado internacional DUCLE (diploma universitario en competencia en lengua espa\u00f1ola como lengua extranjera) y de la UNR u otras certificaciones internacionales reconocidas por el sistema de certificaci\u00f3n del espa\u00f1ol como lengua extranjera (SICELE).<\/p>\n\n\n\n<p><br>Al momento de la admisi\u00f3n a la carrera, los alumnos deber\u00e1n ser notificados fehacientemente de la obligaci\u00f3n de depositar una vez finalizada la carrera en el repositorio digital institucional una copia digital del trabajo final, de acuerdo a lo que establece la normativa de acceso abierto de la Universidad Nacional de Rosario.<\/p>\n\n\n\n<p><br>CUPO M\u00cdNIMO-M\u00c1XIMO: El cupo m\u00ednimo de estudiantes para la conformaci\u00f3n de una cohorte ser\u00e1 de 25 asistentes. El cupo m\u00e1ximo de estudiantes para la conformaci\u00f3n de una cohorte ser\u00e1 de 50 asistentes. La ampliaci\u00f3n de la misma estar\u00e1 sujeta a revisi\u00f3n previa.<\/p>\n","protected":false},"excerpt":{"rendered":"<p>Ser mayor de 18 a\u00f1os y contar con t\u00edtulo secundario. Excepcionalmente se admitir\u00e1n aquellas personas mayores de 25 a\u00f1os que no hayan finalizado sus estudios secundarios. La documentaci\u00f3n a presentar para iniciar el tr\u00e1mite de admisi\u00f3n consistir\u00e1 en: Ficha de inscripci\u00f3n completa (SIU Guarani3) Copia certificada del DNI o pasaporte &#8230;<\/p>\n","protected":false},"author":3,"featured_media":0,"parent":0,"menu_order":0,"comment_status":"closed","ping_status":"closed","template":"","meta":{"footnotes":""},"class_list":["post-882","page","type-page","status-publish","hentry"],"_links":{"self":[{"href":"https:\/\/puds.unr.edu.ar\/index.php?rest_route=\/wp\/v2\/pages\/882","targetHints":{"allow":["GET"]}}],"collection":[{"href":"https:\/\/puds.unr.edu.ar\/index.php?rest_route=\/wp\/v2\/pages"}],"about":[{"href":"https:\/\/puds.unr.edu.ar\/index.php?rest_route=\/wp\/v2\/types\/page"}],"author":[{"embeddable":true,"href":"https:\/\/puds.unr.edu.ar\/index.php?rest_route=\/wp\/v2\/users\/3"}],"replies":[{"embeddable":true,"href":"https:\/\/puds.unr.edu.ar\/index.php?rest_route=%2Fwp%2Fv2%2Fcomments&post=882"}],"version-history":[{"count":1,"href":"https:\/\/puds.unr.edu.ar\/index.php?rest_route=\/wp\/v2\/pages\/882\/revisions"}],"predecessor-version":[{"id":883,"href":"https:\/\/puds.unr.edu.ar\/index.php?rest_route=\/wp\/v2\/pages\/882\/revisions\/883"}],"wp:attachment":[{"href":"https:\/\/puds.unr.edu.ar\/index.php?rest_route=%2Fwp%2Fv2%2Fmedia&parent=882"}],"curies":[{"name":"wp","href":"https:\/\/api.w.org\/{rel}","templated":true}]}}