{"id":879,"date":"2022-05-17T19:21:57","date_gmt":"2022-05-17T19:21:57","guid":{"rendered":"https:\/\/puds.unr.edu.ar\/?page_id=879"},"modified":"2022-05-17T19:21:57","modified_gmt":"2022-05-17T19:21:57","slug":"destinataries","status":"publish","type":"page","link":"https:\/\/puds.unr.edu.ar\/?page_id=879","title":{"rendered":"DESTINATARIES"},"content":{"rendered":"\n<p>La <strong><em>Diplomatura de pregrado en Culturas Queer<\/em><\/strong> est\u00e1 dirigida a personas implicadas en el campo de las representaciones art\u00edsticas y de la cultura que buscan complementar su formaci\u00f3n con herramientas conceptuales y t\u00e9cnicas en relaci\u00f3n a los estudios de diversidad sexual y la cultura desde lo queer. <\/p>\n\n\n\n<p>Tambi\u00e9n se incluyen como destinataries a personas con pertenencia en distintos \u00e1mbitos del activismo sexogen\u00e9rico que quieran incorporar elementos anal\u00edticos desde un registro cultural y a personas de la comunidad en general que se sientan comprometidos con la promoci\u00f3n de la acci\u00f3n pol\u00edtica y las pr\u00e1cticas comunitarias a partir del rol transformador que el arte y la cultura posee para la sociedad.<\/p>\n","protected":false},"excerpt":{"rendered":"<p>La Diplomatura de pregrado en Culturas Queer est\u00e1 dirigida a personas implicadas en el campo de las representaciones art\u00edsticas y de la cultura que buscan complementar su formaci\u00f3n con herramientas conceptuales y t\u00e9cnicas en relaci\u00f3n a los estudios de diversidad sexual y la cultura desde lo queer. Tambi\u00e9n se incluyen &#8230;<\/p>\n","protected":false},"author":3,"featured_media":0,"parent":0,"menu_order":0,"comment_status":"closed","ping_status":"closed","template":"","meta":{"footnotes":""},"class_list":["post-879","page","type-page","status-publish","hentry"],"_links":{"self":[{"href":"https:\/\/puds.unr.edu.ar\/index.php?rest_route=\/wp\/v2\/pages\/879","targetHints":{"allow":["GET"]}}],"collection":[{"href":"https:\/\/puds.unr.edu.ar\/index.php?rest_route=\/wp\/v2\/pages"}],"about":[{"href":"https:\/\/puds.unr.edu.ar\/index.php?rest_route=\/wp\/v2\/types\/page"}],"author":[{"embeddable":true,"href":"https:\/\/puds.unr.edu.ar\/index.php?rest_route=\/wp\/v2\/users\/3"}],"replies":[{"embeddable":true,"href":"https:\/\/puds.unr.edu.ar\/index.php?rest_route=%2Fwp%2Fv2%2Fcomments&post=879"}],"version-history":[{"count":1,"href":"https:\/\/puds.unr.edu.ar\/index.php?rest_route=\/wp\/v2\/pages\/879\/revisions"}],"predecessor-version":[{"id":880,"href":"https:\/\/puds.unr.edu.ar\/index.php?rest_route=\/wp\/v2\/pages\/879\/revisions\/880"}],"wp:attachment":[{"href":"https:\/\/puds.unr.edu.ar\/index.php?rest_route=%2Fwp%2Fv2%2Fmedia&parent=879"}],"curies":[{"name":"wp","href":"https:\/\/api.w.org\/{rel}","templated":true}]}}