{"id":876,"date":"2022-05-17T19:20:25","date_gmt":"2022-05-17T19:20:25","guid":{"rendered":"https:\/\/puds.unr.edu.ar\/?page_id=876"},"modified":"2022-05-18T22:20:56","modified_gmt":"2022-05-18T22:20:56","slug":"modalidad-de-dictado","status":"publish","type":"page","link":"https:\/\/puds.unr.edu.ar\/?page_id=876","title":{"rendered":"MODALIDAD DE DICTADO"},"content":{"rendered":"\n<p>La modalidad de dictado ser\u00e1 a <strong>distancia <\/strong><\/p>\n\n\n\n<p>El cuerpo acad\u00e9mico utilizar\u00e1 las tecnolog\u00edas requeridas para desarrollar de forma adecuada los recursos y herramientas que ofrecen los entornos virtuales para los procesos de ense\u00f1anza y de aprendizaje.<\/p>\n","protected":false},"excerpt":{"rendered":"<p>La modalidad de dictado ser\u00e1 a distancia El cuerpo acad\u00e9mico utilizar\u00e1 las tecnolog\u00edas requeridas para desarrollar de forma adecuada los recursos y herramientas que ofrecen los entornos virtuales para los procesos de ense\u00f1anza y de aprendizaje.<\/p>\n","protected":false},"author":3,"featured_media":0,"parent":0,"menu_order":0,"comment_status":"closed","ping_status":"closed","template":"","meta":{"footnotes":""},"class_list":["post-876","page","type-page","status-publish","hentry"],"_links":{"self":[{"href":"https:\/\/puds.unr.edu.ar\/index.php?rest_route=\/wp\/v2\/pages\/876","targetHints":{"allow":["GET"]}}],"collection":[{"href":"https:\/\/puds.unr.edu.ar\/index.php?rest_route=\/wp\/v2\/pages"}],"about":[{"href":"https:\/\/puds.unr.edu.ar\/index.php?rest_route=\/wp\/v2\/types\/page"}],"author":[{"embeddable":true,"href":"https:\/\/puds.unr.edu.ar\/index.php?rest_route=\/wp\/v2\/users\/3"}],"replies":[{"embeddable":true,"href":"https:\/\/puds.unr.edu.ar\/index.php?rest_route=%2Fwp%2Fv2%2Fcomments&post=876"}],"version-history":[{"count":2,"href":"https:\/\/puds.unr.edu.ar\/index.php?rest_route=\/wp\/v2\/pages\/876\/revisions"}],"predecessor-version":[{"id":911,"href":"https:\/\/puds.unr.edu.ar\/index.php?rest_route=\/wp\/v2\/pages\/876\/revisions\/911"}],"wp:attachment":[{"href":"https:\/\/puds.unr.edu.ar\/index.php?rest_route=%2Fwp%2Fv2%2Fmedia&parent=876"}],"curies":[{"name":"wp","href":"https:\/\/api.w.org\/{rel}","templated":true}]}}