{"id":873,"date":"2022-05-17T19:14:16","date_gmt":"2022-05-17T19:14:16","guid":{"rendered":"https:\/\/puds.unr.edu.ar\/?page_id=873"},"modified":"2022-05-17T19:14:16","modified_gmt":"2022-05-17T19:14:16","slug":"objetivos","status":"publish","type":"page","link":"https:\/\/puds.unr.edu.ar\/?page_id=873","title":{"rendered":"OBJETIVOS"},"content":{"rendered":"\n<ul class=\"wp-block-list\"><li>Analizar los procesos sociales y culturales desde una perspectiva interdisciplinaria focalizada en estudios de sexualidades y g\u00e9nero.<\/li><li>Reflexionar cr\u00edticamente sobre las categor\u00edas desarrolladas desde la perspectiva queer en sus implicancias conceptuales y pol\u00edticas.<\/li><li>Desarrollar un trabajo formativo interdisciplinario que favorezca intervenciones pol\u00edtico-culturales id\u00f3neas desde la perspectiva estudiada.<\/li><\/ul>\n\n\n\n<p><\/p>\n","protected":false},"excerpt":{"rendered":"<p>Analizar los procesos sociales y culturales desde una perspectiva interdisciplinaria focalizada en estudios de sexualidades y g\u00e9nero. Reflexionar cr\u00edticamente sobre las categor\u00edas desarrolladas desde la perspectiva queer en sus implicancias conceptuales y pol\u00edticas. Desarrollar un trabajo formativo interdisciplinario que favorezca intervenciones pol\u00edtico-culturales id\u00f3neas desde la perspectiva estudiada.<\/p>\n","protected":false},"author":3,"featured_media":0,"parent":0,"menu_order":0,"comment_status":"closed","ping_status":"closed","template":"","meta":{"footnotes":""},"class_list":["post-873","page","type-page","status-publish","hentry"],"_links":{"self":[{"href":"https:\/\/puds.unr.edu.ar\/index.php?rest_route=\/wp\/v2\/pages\/873","targetHints":{"allow":["GET"]}}],"collection":[{"href":"https:\/\/puds.unr.edu.ar\/index.php?rest_route=\/wp\/v2\/pages"}],"about":[{"href":"https:\/\/puds.unr.edu.ar\/index.php?rest_route=\/wp\/v2\/types\/page"}],"author":[{"embeddable":true,"href":"https:\/\/puds.unr.edu.ar\/index.php?rest_route=\/wp\/v2\/users\/3"}],"replies":[{"embeddable":true,"href":"https:\/\/puds.unr.edu.ar\/index.php?rest_route=%2Fwp%2Fv2%2Fcomments&post=873"}],"version-history":[{"count":1,"href":"https:\/\/puds.unr.edu.ar\/index.php?rest_route=\/wp\/v2\/pages\/873\/revisions"}],"predecessor-version":[{"id":874,"href":"https:\/\/puds.unr.edu.ar\/index.php?rest_route=\/wp\/v2\/pages\/873\/revisions\/874"}],"wp:attachment":[{"href":"https:\/\/puds.unr.edu.ar\/index.php?rest_route=%2Fwp%2Fv2%2Fmedia&parent=873"}],"curies":[{"name":"wp","href":"https:\/\/api.w.org\/{rel}","templated":true}]}}