{"id":869,"date":"2022-05-17T19:08:58","date_gmt":"2022-05-17T19:08:58","guid":{"rendered":"https:\/\/puds.unr.edu.ar\/?page_id=869"},"modified":"2022-05-17T19:08:58","modified_gmt":"2022-05-17T19:08:58","slug":"fundamentacion","status":"publish","type":"page","link":"https:\/\/puds.unr.edu.ar\/?page_id=869","title":{"rendered":"FUNDAMENTACI\u00d3N"},"content":{"rendered":"\n<p>La presente Diplomatura se sostiene en el creciente inter\u00e9s por propiciar instancias formativas relacionadas con los estudios de sexualidades y g\u00e9neros, entendidos como herramientas te\u00f3rico-cr\u00edticas valiosas y hoy insoslayables para la formaci\u00f3n intelectual, la acci\u00f3n pol\u00edtica y las pr\u00e1cticas comunitarias. La centralidad dada a lo <em>queer <\/em>como enfoque se entiende desde un entramado de saberes que permiten dar cuenta de las distintas vertientes dentro del campo de estudios e implica un posicionamiento en el modo de abordarlos. Las perspectivas culturales como eje organizador interdisciplinar, por su parte, se proponen contemplar y contener una serie variada de constelaciones conceptuales situadas que focalizan especialmente pr\u00e1cticas art\u00edsticas, problemas est\u00e9ticos, producciones comunitarias, imaginarios deseantes, relaciones (pos)identitarias, manifestaciones corporales, tensiones te\u00f3ricas, apuestas pol\u00edticas, articulaciones temporales, (de)construcciones tecnol\u00f3gicas, representaciones mediatizadas, entre otras, y en las que la cultura como \u00edndice marca antes que una conjugaci\u00f3n identitaria (con la que se puede discutir, pero no negar en sus efectos), una afirmaci\u00f3n sexodisidente cuyas experiencias interrumpen la normalidad hegem\u00f3nica, entendida en t\u00e9rminos cis-hetero-patriarcales.<\/p>\n\n\n\n<p>Por lo tanto, los n\u00facleos tem\u00e1ticos que constituir\u00e1n el recorrido de esta Diplomatura apuntan a pensar las temporalidades <em>queer <\/em>y los archivos que se contraponen a los relatos hegem\u00f3nicos, la representaci\u00f3n en las industrias culturales y en las producciones est\u00e9ticas contraculturales de la marginalidad, el cuerpo como artefacto construido mediante t\u00e9cnicas visuales y el discurso normativo naturalista que delimita las posibilidades de esos cuerpos, las texturas afectivas disidentes y las posibilidades de construcci\u00f3n comunitaria que ofrece la negatividad <em>queer<\/em>.<\/p>\n\n\n\n<p>Para ello, partiremos de revisar en perspectiva hist\u00f3rica distintos momentos de reg\u00edmenes de producci\u00f3n y regulaci\u00f3n de la sexualidad, posicionando las respuestas sexodisidentes en el plano de representaciones est\u00e9ticas y visuales como pr\u00e1cticas socioculturales ya que aportan aspectos clave de los procesos de constituci\u00f3n del g\u00e9nero, las desigualdades y las relaciones sociales. En este sentido, buscaremos identificar los desplazamientos de aquello que funciona como disidente asociado a las manifestaciones de la sexualidad.<\/p>\n\n\n\n<p>Asimismo, una retrospectiva para el reconocimiento de esos momentos implica repensar las formas tradicionales de la temporalidad y el abordaje del pasado en el que lo <em>queer <\/em>se posiciona como un modo de lectura. Creemos que las consideraciones sobre la temporalidad <em>queer <\/em>que resiste desde el tiempo no heterolineal a los ideales del futurismo reproductivo heteronormativo han abierto posibilidades para repensar la relaci\u00f3n entre el pasado, el presente del gozo y las posibilidades del futuro que exceden y resisten al imperativo de la felicidad, cuya dimensi\u00f3n de proyecto obligatorio y restrictivo sumerge a las vidas y afectos disidentes en una negatividad que empieza reci\u00e9n a ser explorada como territorio posible de la existencia.<\/p>\n\n\n\n<p>En el marco de las derivas te\u00f3ricas de lo que se ha dado a llamar \u201cel giro afectivo\u201d y las \u201ctesis antisociales\u201d en los estudios queer, nos centraremos tambi\u00e9n en la noci\u00f3n de archivo que, a trav\u00e9s de diferentes categorizaciones, ocupa un lugar decisivo, tanto para otorgar otras texturas culturales en lo abordado como para reconsiderar los relatos hegem\u00f3nicos (incluso los propuestos desde las propias perspectivas y pol\u00edticas sexogen\u00e9ricas).<\/p>\n\n\n\n<p>Finalmente, nos proponemos repensar el cuerpo en nuestros d\u00edas, atravesado por las luchas sociales y posicionamientos sexogenericos que posibilitan habitar otras territorialidades, dando como resultado diferentes impresiones visuales en nuestro inconsciente \u00f3ptico, a trav\u00e9s de t\u00e9cnicas e instrumentos de visualizaci\u00f3n que constituyan la materialidad perceptible del cuerpo. Se redefine as\u00ed una arquitectura corporal sin\u00f3nimo de veracidad y realidad que servir\u00e1 para trazar y ubicar por fuera todo lo que escapa a ese par\u00e1metro encorsetado esperable para el ser humano b\u00edpedo. En este sentido, revisaremos la compulsi\u00f3n normativa que compele a los cuerpos gestantes a la reproducci\u00f3n de las instituciones y v\u00ednculos de la heteronormatividad, y exploraremos las formas de reproducci\u00f3n afectivas alternativas que emergen de las subculturas <em>queer<\/em>.<\/p>\n\n\n\n<p>La propuesta de la presente Diplomatura se desprende de la experiencia realizada desde el Programa Universitario de Diversidad Sexual dependiente del Centro de Estudios Interdisciplinarios de la Universidad Nacional de Rosario. El trabajo realizado en ese marco consisti\u00f3 no solo en experiencias proyectadas a la extensi\u00f3n cultural universitaria, a trav\u00e9s de ciclos art\u00edsticos perform\u00e1ticos, muestras y lecturas, sino que tambi\u00e9n intent\u00f3 instalar espacios de discusi\u00f3n en el interior de la Universidad mediante la producci\u00f3n y la puesta en circulaci\u00f3n, as\u00ed como la divulgaci\u00f3n, de posiciones te\u00f3rico-cr\u00edticas vinculadas con la tem\u00e1tica. En este sentido, la trayectoria acad\u00e9mica con la que cuenta dicho espacio, creado en el a\u00f1o 2008, incluye una vasta actividad universitaria y cient\u00edfica materializada en organizaci\u00f3n de Jornadas y Coloquios Internacionales; publicaci\u00f3n peri\u00f3dica de una revista acad\u00e9mica (<a href=\"https:\/\/puds.unr.edu.ar\/?page_id=804\">Uni(+di)versidad<\/a>); promoci\u00f3n y organizaci\u00f3n de cursos de grado y posgrado en diversas carreras y Unidades Acad\u00e9micas de la UNR; creaci\u00f3n de una carrera de posgrado radicada en la Facultad de Humanidades y Artes (\u201c<a href=\"https:\/\/puds.unr.edu.ar\/?page_id=646\">Especializaci\u00f3n en Estudios Interdisciplinarios en Sexualidades y G\u00e9nero<\/a>\u201d); realizaci\u00f3n de talleres en distintas instituciones educativas de diferentes niveles; formaci\u00f3n de equipos de trabajo; participaci\u00f3n regular de sus miembros en equipos de investigaci\u00f3n y reuniones acad\u00e9micas vinculados a la tem\u00e1tica; y numerosas actividades de extensi\u00f3n e intervenci\u00f3n, generalmente articuladas con espacios de activismo y movimientos sociales. Por todo lo expuesto, y considerando adem\u00e1s la plena vigencia y actualidad de los debates en torno a las perspectivas sexodisidentes, la presente carrera ofrecer\u00e1 un impacto social regional propicio y necesario. A partir del diagn\u00f3stico evidenciado en torno a la demanda de la tem\u00e1tica, la presente Diplomatura se propone aportar un espacio formativo de pregrado que redundar\u00e1 en la excelencia acad\u00e9mica de dicha Universidad y cuyas proyecciones justifican su realizaci\u00f3n.<\/p>\n","protected":false},"excerpt":{"rendered":"<p>La presente Diplomatura se sostiene en el creciente inter\u00e9s por propiciar instancias formativas relacionadas con los estudios de sexualidades y g\u00e9neros, entendidos como herramientas te\u00f3rico-cr\u00edticas valiosas y hoy insoslayables para la formaci\u00f3n intelectual, la acci\u00f3n pol\u00edtica y las pr\u00e1cticas comunitarias. La centralidad dada a lo queer como enfoque se entiende &#8230;<\/p>\n","protected":false},"author":3,"featured_media":0,"parent":0,"menu_order":0,"comment_status":"closed","ping_status":"closed","template":"","meta":{"footnotes":""},"class_list":["post-869","page","type-page","status-publish","hentry"],"_links":{"self":[{"href":"https:\/\/puds.unr.edu.ar\/index.php?rest_route=\/wp\/v2\/pages\/869","targetHints":{"allow":["GET"]}}],"collection":[{"href":"https:\/\/puds.unr.edu.ar\/index.php?rest_route=\/wp\/v2\/pages"}],"about":[{"href":"https:\/\/puds.unr.edu.ar\/index.php?rest_route=\/wp\/v2\/types\/page"}],"author":[{"embeddable":true,"href":"https:\/\/puds.unr.edu.ar\/index.php?rest_route=\/wp\/v2\/users\/3"}],"replies":[{"embeddable":true,"href":"https:\/\/puds.unr.edu.ar\/index.php?rest_route=%2Fwp%2Fv2%2Fcomments&post=869"}],"version-history":[{"count":1,"href":"https:\/\/puds.unr.edu.ar\/index.php?rest_route=\/wp\/v2\/pages\/869\/revisions"}],"predecessor-version":[{"id":870,"href":"https:\/\/puds.unr.edu.ar\/index.php?rest_route=\/wp\/v2\/pages\/869\/revisions\/870"}],"wp:attachment":[{"href":"https:\/\/puds.unr.edu.ar\/index.php?rest_route=%2Fwp%2Fv2%2Fmedia&parent=869"}],"curies":[{"name":"wp","href":"https:\/\/api.w.org\/{rel}","templated":true}]}}