{"id":862,"date":"2022-05-17T19:01:06","date_gmt":"2022-05-17T19:01:06","guid":{"rendered":"https:\/\/puds.unr.edu.ar\/?page_id=862"},"modified":"2024-08-06T04:07:02","modified_gmt":"2024-08-06T04:07:02","slug":"diplomatura-de-pregrado-en-culturas-queer","status":"publish","type":"page","link":"https:\/\/puds.unr.edu.ar\/?page_id=862","title":{"rendered":"Diplomatura de Pregrado en Culturas Queer"},"content":{"rendered":"\n<div class=\"wp-block-media-text alignwide has-media-on-the-right is-stacked-on-mobile\" style=\"grid-template-columns:auto 26%\"><div class=\"wp-block-media-text__content\">\n<p class=\"has-medium-font-size\"><strong>1 &#8211; <a href=\"https:\/\/puds.unr.edu.ar\/?page_id=869\">FUNDAMENTACI\u00d3N<\/a><\/strong><\/p>\n\n\n\n<p class=\"has-medium-font-size\"><strong>2 &#8211; <a href=\"https:\/\/puds.unr.edu.ar\/?page_id=873\">OBJETIVOS<\/a><\/strong><\/p>\n\n\n\n<p class=\"has-medium-font-size\"><strong>3 &#8211; <a href=\"https:\/\/puds.unr.edu.ar\/?page_id=876\">MODALIDAD DE DICTADO<\/a><\/strong><\/p>\n\n\n\n<p class=\"has-medium-font-size\"><strong>4 &#8211; <a href=\"https:\/\/puds.unr.edu.ar\/?page_id=879\" data-type=\"URL\" data-id=\"https:\/\/puds.unr.edu.ar\/?page_id=879\">DESTINATARIES<\/a><\/strong><\/p>\n\n\n\n<p class=\"has-medium-font-size\"><strong>5 &#8211; <a href=\"https:\/\/puds.unr.edu.ar\/?page_id=882\">REQUISITOS DE ADMISI\u00d3N<\/a><\/strong><\/p>\n\n\n\n<p class=\"has-medium-font-size\"><strong>6 &#8211; <a href=\"https:\/\/puds.unr.edu.ar\/?page_id=885\">ESTRUCTURA<\/a><\/strong><\/p>\n\n\n\n<p class=\"has-medium-font-size\"><strong>7 &#8211; <a href=\"https:\/\/forms.gle\/ke3w28R2NMGx4CRS8\">INSCRIPCI\u00d3N<\/a><\/strong><\/p>\n<\/div><figure class=\"wp-block-media-text__media\"><img loading=\"lazy\" decoding=\"async\" width=\"813\" height=\"1024\" src=\"https:\/\/puds.unr.edu.ar\/wp-content\/uploads\/2022\/05\/queee3-2-813x1024.png\" alt=\"\" class=\"wp-image-890 size-full\" srcset=\"https:\/\/puds.unr.edu.ar\/wp-content\/uploads\/2022\/05\/queee3-2-813x1024.png 813w, https:\/\/puds.unr.edu.ar\/wp-content\/uploads\/2022\/05\/queee3-2-238x300.png 238w, https:\/\/puds.unr.edu.ar\/wp-content\/uploads\/2022\/05\/queee3-2-768x967.png 768w, https:\/\/puds.unr.edu.ar\/wp-content\/uploads\/2022\/05\/queee3-2-1220x1536.png 1220w, https:\/\/puds.unr.edu.ar\/wp-content\/uploads\/2022\/05\/queee3-2-700x882.png 700w, https:\/\/puds.unr.edu.ar\/wp-content\/uploads\/2022\/05\/queee3-2.png 1361w\" sizes=\"auto, (max-width: 813px) 100vw, 813px\" \/><\/figure><\/div>\n\n\n\n<p><\/p>\n","protected":false},"excerpt":{"rendered":"<p>1 &#8211; FUNDAMENTACI\u00d3N 2 &#8211; OBJETIVOS 3 &#8211; MODALIDAD DE DICTADO 4 &#8211; DESTINATARIES 5 &#8211; REQUISITOS DE ADMISI\u00d3N 6 &#8211; ESTRUCTURA 7 &#8211; INSCRIPCI\u00d3N<\/p>\n","protected":false},"author":3,"featured_media":0,"parent":0,"menu_order":0,"comment_status":"closed","ping_status":"closed","template":"","meta":{"footnotes":""},"class_list":["post-862","page","type-page","status-publish","hentry"],"_links":{"self":[{"href":"https:\/\/puds.unr.edu.ar\/index.php?rest_route=\/wp\/v2\/pages\/862","targetHints":{"allow":["GET"]}}],"collection":[{"href":"https:\/\/puds.unr.edu.ar\/index.php?rest_route=\/wp\/v2\/pages"}],"about":[{"href":"https:\/\/puds.unr.edu.ar\/index.php?rest_route=\/wp\/v2\/types\/page"}],"author":[{"embeddable":true,"href":"https:\/\/puds.unr.edu.ar\/index.php?rest_route=\/wp\/v2\/users\/3"}],"replies":[{"embeddable":true,"href":"https:\/\/puds.unr.edu.ar\/index.php?rest_route=%2Fwp%2Fv2%2Fcomments&post=862"}],"version-history":[{"count":10,"href":"https:\/\/puds.unr.edu.ar\/index.php?rest_route=\/wp\/v2\/pages\/862\/revisions"}],"predecessor-version":[{"id":1160,"href":"https:\/\/puds.unr.edu.ar\/index.php?rest_route=\/wp\/v2\/pages\/862\/revisions\/1160"}],"wp:attachment":[{"href":"https:\/\/puds.unr.edu.ar\/index.php?rest_route=%2Fwp%2Fv2%2Fmedia&parent=862"}],"curies":[{"name":"wp","href":"https:\/\/api.w.org\/{rel}","templated":true}]}}