{"id":752,"date":"2021-01-03T06:17:30","date_gmt":"2021-01-03T06:17:30","guid":{"rendered":"https:\/\/puds.unr.edu.ar\/?page_id=752"},"modified":"2021-01-03T06:35:52","modified_gmt":"2021-01-03T06:35:52","slug":"agenciamientos-sexogenericos","status":"publish","type":"page","link":"https:\/\/puds.unr.edu.ar\/?page_id=752","title":{"rendered":"Agenciamientos Sexogen\u00e9ricos"},"content":{"rendered":"\n<p>La presente propuesta se piensa desde una perspectiva cr\u00edtico-creativa con an\u00e1lisis compartidos, discusi\u00f3n y construcci\u00f3n colaborativa, de parte de todos los integrantes, en b\u00fasqueda de herramientas te\u00f3ricas e instrumentos creativos que impacten y provoquen nuevos sentidos sobre las subjetividades y las sexualidades, buscando poner en crisis modelos perimidos: patriarcales, moralistas y legalistas o biol\u00f3gico-naturalistas, intentando aportar en el campo de las representaciones sociales que implican a las nuevas subjetividades, la diversidad, las diferencias, haciendo foco especialmente en las dimensiones sexo-gen\u00e9rica, en un claro gesto contra-hegem\u00f3nico.<\/p>\n\n\n\n<p>En el presente proyecto nos proponemos trabajar de manera colectiva, comunitaria y co-participativa con los n\u00facleos te\u00f3ricos fundamentales de lxs siguientes cuatro autorxs, Michel Foucault, Monique Wittig, Judith Butler y Paul B. Preciado.<\/p>\n\n\n\n<p>Generando material did\u00e1ctico audiovisual para trabajar estos postulados en diferentes espacios territoriales. Consiguiendo la puesta en discusi\u00f3n del discurso cis-heteronormado, problematizando el lugar en el entramado social de cada unx de lxs destinatarixs, y permitiendo replicar esta acci\u00f3n m\u00e1s all\u00e1 del encuadre acad\u00e9mico.<\/p>\n\n\n\n<h3 class=\"wp-block-heading\">Michel Foucault<\/h3>\n\n\n\n<figure class=\"wp-block-embed-youtube wp-block-embed is-type-video is-provider-youtube wp-embed-aspect-16-9 wp-has-aspect-ratio\"><div class=\"wp-block-embed__wrapper\">\n<iframe loading=\"lazy\" title=\"UNR - Proyecto de Extensi\u00f3n &quot;Agenciamientos Sexogen\u00e9ricos&quot; sobre Michel Foucault\" width=\"700\" height=\"394\" src=\"https:\/\/www.youtube.com\/embed\/I4u7kGOuPQI?feature=oembed\" frameborder=\"0\" allow=\"accelerometer; autoplay; clipboard-write; encrypted-media; gyroscope; picture-in-picture\" allowfullscreen><\/iframe>\n<\/div><figcaption><em>\u00abAgenciamientos Sexogen\u00e9ricos\u00bb<\/em> &#8211;<strong><em> Michel Foucault<\/em><\/strong><\/figcaption><\/figure>\n\n\n\n<h3 class=\"wp-block-heading\">Monique Wittig<\/h3>\n\n\n\n<figure class=\"wp-block-embed-youtube wp-block-embed is-type-video is-provider-youtube wp-embed-aspect-16-9 wp-has-aspect-ratio\"><div class=\"wp-block-embed__wrapper\">\n<iframe loading=\"lazy\" title=\"UNR - Proyecto de Extensi\u00f3n &quot;Agenciamientos Sexogen\u00e9ricos&quot; sobre Monique Wittig\" width=\"700\" height=\"394\" src=\"https:\/\/www.youtube.com\/embed\/9nbjbviOnbM?feature=oembed\" frameborder=\"0\" allow=\"accelerometer; autoplay; clipboard-write; encrypted-media; gyroscope; picture-in-picture\" allowfullscreen><\/iframe>\n<\/div><figcaption><em>\u00abAgenciamientos Sexogen\u00e9ricos\u00bb<\/em> &#8211; <em><strong>Monique Wittig<\/strong><\/em><\/figcaption><\/figure>\n\n\n\n<h3 class=\"wp-block-heading\">Judith Butler<\/h3>\n\n\n\n<figure class=\"wp-block-embed-youtube wp-block-embed is-type-video is-provider-youtube wp-embed-aspect-16-9 wp-has-aspect-ratio\"><div class=\"wp-block-embed__wrapper\">\n<iframe loading=\"lazy\" title=\"UNR - Proyecto de Extensi\u00f3n &quot;Agenciamientos Sexogen\u00e9ricos&quot; sobre Judith Butler\" width=\"700\" height=\"394\" src=\"https:\/\/www.youtube.com\/embed\/4dwrKV__DAE?feature=oembed\" frameborder=\"0\" allow=\"accelerometer; autoplay; clipboard-write; encrypted-media; gyroscope; picture-in-picture\" allowfullscreen><\/iframe>\n<\/div><figcaption><em>\u00abAgenciamientos Sexogen\u00e9ricos\u00bb <\/em>&#8211;<em><strong> Judith Butler<\/strong><\/em><\/figcaption><\/figure>\n\n\n\n<h3 class=\"wp-block-heading\">Paul B. Preciado<\/h3>\n\n\n\n<figure class=\"wp-block-embed-youtube wp-block-embed is-type-video is-provider-youtube wp-embed-aspect-16-9 wp-has-aspect-ratio\"><div class=\"wp-block-embed__wrapper\">\n<iframe loading=\"lazy\" title=\"UNR - Proyecto Agenciamientos Sexogen\u00e9ricos sobre Paul B.  Preciado\" width=\"700\" height=\"394\" src=\"https:\/\/www.youtube.com\/embed\/Lx4YoJ4Z5BM?feature=oembed\" frameborder=\"0\" allow=\"accelerometer; autoplay; clipboard-write; encrypted-media; gyroscope; picture-in-picture\" allowfullscreen><\/iframe>\n<\/div><figcaption>\u00ab<em>Agenciamientos Sexogen\u00e9ricos\u00bb<\/em> &#8211; <strong><em>Paul B. Preciado<\/em><\/strong><\/figcaption><\/figure>\n","protected":false},"excerpt":{"rendered":"<p>La presente propuesta se piensa desde una perspectiva cr\u00edtico-creativa con an\u00e1lisis compartidos, discusi\u00f3n y construcci\u00f3n colaborativa, de parte de todos los integrantes, en b\u00fasqueda de herramientas te\u00f3ricas e instrumentos creativos que impacten y provoquen nuevos sentidos sobre las subjetividades y las sexualidades, buscando poner en crisis modelos perimidos: patriarcales, moralistas &#8230;<\/p>\n","protected":false},"author":1,"featured_media":0,"parent":0,"menu_order":0,"comment_status":"closed","ping_status":"closed","template":"","meta":{"footnotes":""},"class_list":["post-752","page","type-page","status-publish","hentry"],"_links":{"self":[{"href":"https:\/\/puds.unr.edu.ar\/index.php?rest_route=\/wp\/v2\/pages\/752","targetHints":{"allow":["GET"]}}],"collection":[{"href":"https:\/\/puds.unr.edu.ar\/index.php?rest_route=\/wp\/v2\/pages"}],"about":[{"href":"https:\/\/puds.unr.edu.ar\/index.php?rest_route=\/wp\/v2\/types\/page"}],"author":[{"embeddable":true,"href":"https:\/\/puds.unr.edu.ar\/index.php?rest_route=\/wp\/v2\/users\/1"}],"replies":[{"embeddable":true,"href":"https:\/\/puds.unr.edu.ar\/index.php?rest_route=%2Fwp%2Fv2%2Fcomments&post=752"}],"version-history":[{"count":3,"href":"https:\/\/puds.unr.edu.ar\/index.php?rest_route=\/wp\/v2\/pages\/752\/revisions"}],"predecessor-version":[{"id":768,"href":"https:\/\/puds.unr.edu.ar\/index.php?rest_route=\/wp\/v2\/pages\/752\/revisions\/768"}],"wp:attachment":[{"href":"https:\/\/puds.unr.edu.ar\/index.php?rest_route=%2Fwp%2Fv2%2Fmedia&parent=752"}],"curies":[{"name":"wp","href":"https:\/\/api.w.org\/{rel}","templated":true}]}}