{"id":668,"date":"2021-01-02T07:11:52","date_gmt":"2021-01-02T07:11:52","guid":{"rendered":"https:\/\/puds.unr.edu.ar\/?page_id=668"},"modified":"2021-01-02T19:20:27","modified_gmt":"2021-01-02T19:20:27","slug":"asignacion-horaria-y-correlatividades","status":"publish","type":"page","link":"https:\/\/puds.unr.edu.ar\/?page_id=668","title":{"rendered":"Asignaci\u00f3n horaria y correlatividades"},"content":{"rendered":"\n<figure class=\"wp-block-table\"><table><tbody><tr><td><strong>M\u00f3dulos<\/strong><\/td><td><strong>Asignaturas<\/strong><\/td><td><strong>Horas Te\u00f3ricas<\/strong><\/td><td><strong>Horas Pr\u00e1cticas<\/strong><\/td><td><strong>Correlatividades<\/strong><\/td><\/tr><tr><td>I<\/td><td>1.1.1. \u2013 Filosof\u00edas y epistemolog\u00edas de las teor\u00edas de g\u00e9nero y sexualidades<\/td><td>40 hs<\/td><td>20 hs<\/td><td><\/td><\/tr><tr><td>II<\/td><td>1.2.1. \u2013 Perspectivas te\u00f3rico-cr\u00edticas desde las Ciencias Sociales<\/td><td>40 hs<\/td><td>20 hs<\/td><td>Aprob. 1.1.1.<\/td><\/tr><tr><td><\/td><td>1.3.2. \u2013 Problem\u00e1ticas jur\u00eddicas y DDHH<\/td><td>40 hs<\/td><td>20 hs<\/td><td>Aprob. 1.1.1.<\/td><\/tr><tr><td>III<\/td><td>1.4.2. \u2013 Po\u00e9ticas y pol\u00edticas en la literatura y las artes<\/td><td>40 hs<\/td><td>20 hs<\/td><td>Aprob. 1.1.1.<\/td><\/tr><tr><td><\/td><td>2.5.1. \u2013 Trayecto de Pr\u00e1cticas<\/td><td><\/td><td>80 hs<\/td><td>Aprob. 1.1.1 a 1.4.2.<\/td><\/tr><tr><td><\/td><td>2.6.1. \u2013 Taller de Trabajo Final<\/td><td><\/td><td>40 hs<\/td><td>Aprob. 1.1.1 a 1.4.2.<\/td><\/tr><tr><td><\/td><td>7.- Trabajo Final<\/td><td><\/td><td><\/td><td>Aprob. 1.1.1 a 2.6.1.<\/td><\/tr><tr><td><\/td><td><strong>Total de horas:<\/strong><\/td><td><strong>360 hs<\/strong><\/td><\/tr><\/tbody><\/table><\/figure>\n","protected":false},"excerpt":{"rendered":"<p>M\u00f3dulos Asignaturas Horas Te\u00f3ricas Horas Pr\u00e1cticas Correlatividades I 1.1.1. \u2013 Filosof\u00edas y epistemolog\u00edas de las teor\u00edas de g\u00e9nero y sexualidades 40 hs 20 hs II 1.2.1. \u2013 Perspectivas te\u00f3rico-cr\u00edticas desde las Ciencias Sociales 40 hs 20 hs Aprob. 1.1.1. 1.3.2. \u2013 Problem\u00e1ticas jur\u00eddicas y DDHH 40 hs 20 hs Aprob. &#8230;<\/p>\n","protected":false},"author":1,"featured_media":0,"parent":0,"menu_order":0,"comment_status":"closed","ping_status":"closed","template":"","meta":{"footnotes":""},"class_list":["post-668","page","type-page","status-publish","hentry"],"_links":{"self":[{"href":"https:\/\/puds.unr.edu.ar\/index.php?rest_route=\/wp\/v2\/pages\/668","targetHints":{"allow":["GET"]}}],"collection":[{"href":"https:\/\/puds.unr.edu.ar\/index.php?rest_route=\/wp\/v2\/pages"}],"about":[{"href":"https:\/\/puds.unr.edu.ar\/index.php?rest_route=\/wp\/v2\/types\/page"}],"author":[{"embeddable":true,"href":"https:\/\/puds.unr.edu.ar\/index.php?rest_route=\/wp\/v2\/users\/1"}],"replies":[{"embeddable":true,"href":"https:\/\/puds.unr.edu.ar\/index.php?rest_route=%2Fwp%2Fv2%2Fcomments&post=668"}],"version-history":[{"count":1,"href":"https:\/\/puds.unr.edu.ar\/index.php?rest_route=\/wp\/v2\/pages\/668\/revisions"}],"predecessor-version":[{"id":670,"href":"https:\/\/puds.unr.edu.ar\/index.php?rest_route=\/wp\/v2\/pages\/668\/revisions\/670"}],"wp:attachment":[{"href":"https:\/\/puds.unr.edu.ar\/index.php?rest_route=%2Fwp%2Fv2%2Fmedia&parent=668"}],"curies":[{"name":"wp","href":"https:\/\/api.w.org\/{rel}","templated":true}]}}