{"id":663,"date":"2021-01-02T05:52:10","date_gmt":"2021-01-02T05:52:10","guid":{"rendered":"https:\/\/puds.unr.edu.ar\/?page_id=663"},"modified":"2021-01-02T17:54:48","modified_gmt":"2021-01-02T17:54:48","slug":"caracteristicas-de-la-carrera","status":"publish","type":"page","link":"https:\/\/puds.unr.edu.ar\/?page_id=663","title":{"rendered":"Caracter\u00edsticas de la Carrera"},"content":{"rendered":"\n<p><strong>4.1. Nivel:&nbsp;<\/strong>Posgrado<\/p>\n\n\n\n<p><strong>4.2. Modalidad:<\/strong>&nbsp;Presencial y estructurada<\/p>\n\n\n\n<p><strong>4.3. Acreditaci\u00f3n<\/strong><br>Quienes cumplimenten con la totalidad de los requisitos acad\u00e9micos establecidos en el presente Plan de Estudios obtendr\u00e1n el t\u00edtulo de&nbsp;<em>Especialista en Estudios Interdisciplinarios en Sexualidades y G\u00e9nero<\/em>.<\/p>\n\n\n\n<p><strong>4.4. Perfil del T\u00edtulo y del Egresado<\/strong><br>El t\u00edtulo acad\u00e9mico expedido por la presente carrera de Especializaci\u00f3n permitir\u00e1 la intervenci\u00f3n y profundizaci\u00f3n en tareas vinculadas con la labor social y cultural a partir de cuestiones sexo-gen\u00e9ricas. El&nbsp;<em>Especialista en Estudios Interdisciplinarios en Sexualidades y G\u00e9nero<\/em>, mediante el fortalecimiento de las perspectivas formativas a trav\u00e9s de las herramientas te\u00f3ricas y cr\u00edticas de la carrera, ser\u00e1 un egresado capacitado para la intervenci\u00f3n dentro de su campo profesional espec\u00edfico, puesto al servicio de producir transformaciones sociales y culturales en relaci\u00f3n con el g\u00e9nero y las sexualidades.<\/p>\n\n\n\n<p><strong>4.5. Requisitos de Ingreso<\/strong><br>Podr\u00e1n ser admitidxs:<br>\u00a0\u00a0\u00a0\u00a0\u00a0\u00a0\u00a0\u00a0\u00a0\u00a0\u00a0 A) Lxs graduadxs universitarixs con t\u00edtulos correspondientes a Humanidades, Ciencias Sociales, Ciencias de la Salud y Educaci\u00f3n, otorgados por una Universidad argentina nacional, provincial o privada, legalmente reconocidos.<br>\u00a0\u00a0\u00a0\u00a0\u00a0\u00a0\u00a0\u00a0\u00a0\u00a0\u00a0 B) Lxs graduadxs en universidades extranjeras oficialmente reconocidas en sus respectivos pa\u00edses, que posean t\u00edtulos equivalentes a los indicados en el inciso anterior, debidamente certificados. Su admisi\u00f3n no significar\u00e1 rev\u00e1lida del t\u00edtulo de grado.<br>\u00a0\u00a0\u00a0\u00a0\u00a0\u00a0\u00a0\u00a0\u00a0\u00a0\u00a0 C) Quienes posean t\u00edtulos de nivel superior no universitario de cuatro (4) a\u00f1os de duraci\u00f3n como m\u00ednimo \u2013conforme lo dispuesto por el Art. 39 bis de la Ley de Educaci\u00f3n Superior- y re\u00fanan los pre-requisitos que determine la Comisi\u00f3n Acad\u00e9mica a fin de comprobar que su formaci\u00f3n resulta compatible con las exigencias de esta carrera. En casos excepcionales podr\u00e1n aspirar a ser inscriptxs aquellxs postulantes que se encuentren fuera de los t\u00e9rminos precedentes, y desempe\u00f1en tareas en \u00e1mbitos de lo p\u00fablico o lo privado vinculados a la tem\u00e1tica. De otorgarse la admisi\u00f3n, \u00e9sta no acredita el t\u00edtulo de grado anterior correspondiente al mismo.<br>\u00a0\u00a0\u00a0\u00a0\u00a0\u00a0\u00a0\u00a0\u00a0\u00a0\u00a0 D) Lxs aspirantes no hispanohablantes deber\u00e1n acreditar para la inscripci\u00f3n el nivel intermedio independiente (B2) o superior de conocimiento de lengua espa\u00f1ola, de acuerdo a los est\u00e1ndares establecidos por el MECRL (Marco Com\u00fan Europeo de Referencia para las Lenguas). En el caso de ser admitidxs deber\u00e1n acreditar, previamente a la presentaci\u00f3n del Trabajo Final, el nivel AVANZADO de conocimiento de la lengua espa\u00f1ola de acuerdo con los mismos est\u00e1ndares. Los aspirantes deber\u00e1n acreditar los niveles indicados mediante el certificado internacional DUCLE (Diploma Universitario de Competencia en Lengua Espa\u00f1ola como Lengua Extranjera) de la UNR u otras certificaciones internacionales reconocidas por el Sistema Internacional de Certificaci\u00f3n del Espa\u00f1ol como Lengua Extranjera (SICELE).<\/p>\n\n\n\n<p>&nbsp;&nbsp;&nbsp;&nbsp;&nbsp;&nbsp;&nbsp;&nbsp;&nbsp;&nbsp;&nbsp; Ser\u00e1 la Comisi\u00f3n Acad\u00e9mica de la carrera la que determine, luego del an\u00e1lisis de los antecedentes presentados y mediante resoluci\u00f3n fundada, la admisi\u00f3n en todos los casos. De considerarlo necesario, la Comisi\u00f3n Acad\u00e9mica podr\u00e1 recomendar actividades de nivelaci\u00f3n, las que guardar\u00e1n relaci\u00f3n con el perfil del aspirante. Adem\u00e1s, podr\u00e1 solicitar al postulante una entrevista personal para obtener precisiones sobre el inter\u00e9s y los antecedentes del postulante.<\/p>\n\n\n\n<p>&nbsp;&nbsp;&nbsp;&nbsp;&nbsp;&nbsp;&nbsp;&nbsp;&nbsp;&nbsp;&nbsp; Para realizar el tr\u00e1mite de inscripci\u00f3n a esta&nbsp;<em>Especializaci\u00f3n<\/em>, lxs postulantes deber\u00e1n presentar ante la Comisi\u00f3n la siguiente documentaci\u00f3n:<br>1) Solicitud de inscripci\u00f3n a la carrera, dirigida a su Director\/a, en la que se consignen los datos personales.<br>2) Fotocopia del Documento de Identidad.<br>3) Copia legalizada (anverso y reverso) del t\u00edtulo o, en su defecto, del certificado anal\u00edtico.<br>4) Curr\u00edculum Vitae completo con car\u00e1cter de Declaraci\u00f3n Jurada, explicitando t\u00edtulo\/s. La Comisi\u00f3n Acad\u00e9mica est\u00e1 facultada para solicitar la documentaci\u00f3n probatoria de considerarlo necesario.<br>5) Certificaci\u00f3n probatoria de conocimiento id\u00f3neo del espa\u00f1ol en el caso de aspirantes de habla no espa\u00f1ola.<\/p>\n\n\n\n<p><strong>4.6. Duraci\u00f3n de la carrera y modalidad de cursado<\/strong><br>&nbsp;&nbsp;&nbsp;&nbsp;&nbsp;&nbsp;&nbsp;&nbsp;&nbsp;&nbsp;&nbsp; La carrera de posgrado \u00abEspecializaci\u00f3n en Estudios Interdisciplinarios en Sexualidades y G\u00e9nero\u00bb tendr\u00e1 una duraci\u00f3n de 3 (tres) cuatrimestres, con una carga horaria total de 360 (trescientas sesenta) horas. Culmina con la presentaci\u00f3n de un Trabajo Final, el que se presentar\u00e1 dentro de los 12 (doce) meses posteriores a la aprobaci\u00f3n del total de las Asignaturas que componen la carrera. La modalidad de cursado es presencial y se organiza de manera estructurada.<\/p>\n","protected":false},"excerpt":{"rendered":"<p>4.1. Nivel:&nbsp;Posgrado 4.2. Modalidad:&nbsp;Presencial y estructurada 4.3. Acreditaci\u00f3nQuienes cumplimenten con la totalidad de los requisitos acad\u00e9micos establecidos en el presente Plan de Estudios obtendr\u00e1n el t\u00edtulo de&nbsp;Especialista en Estudios Interdisciplinarios en Sexualidades y G\u00e9nero. 4.4. Perfil del T\u00edtulo y del EgresadoEl t\u00edtulo acad\u00e9mico expedido por la presente carrera de Especializaci\u00f3n &#8230;<\/p>\n","protected":false},"author":1,"featured_media":0,"parent":0,"menu_order":0,"comment_status":"closed","ping_status":"closed","template":"","meta":{"footnotes":""},"class_list":["post-663","page","type-page","status-publish","hentry"],"_links":{"self":[{"href":"https:\/\/puds.unr.edu.ar\/index.php?rest_route=\/wp\/v2\/pages\/663","targetHints":{"allow":["GET"]}}],"collection":[{"href":"https:\/\/puds.unr.edu.ar\/index.php?rest_route=\/wp\/v2\/pages"}],"about":[{"href":"https:\/\/puds.unr.edu.ar\/index.php?rest_route=\/wp\/v2\/types\/page"}],"author":[{"embeddable":true,"href":"https:\/\/puds.unr.edu.ar\/index.php?rest_route=\/wp\/v2\/users\/1"}],"replies":[{"embeddable":true,"href":"https:\/\/puds.unr.edu.ar\/index.php?rest_route=%2Fwp%2Fv2%2Fcomments&post=663"}],"version-history":[{"count":1,"href":"https:\/\/puds.unr.edu.ar\/index.php?rest_route=\/wp\/v2\/pages\/663\/revisions"}],"predecessor-version":[{"id":664,"href":"https:\/\/puds.unr.edu.ar\/index.php?rest_route=\/wp\/v2\/pages\/663\/revisions\/664"}],"wp:attachment":[{"href":"https:\/\/puds.unr.edu.ar\/index.php?rest_route=%2Fwp%2Fv2%2Fmedia&parent=663"}],"curies":[{"name":"wp","href":"https:\/\/api.w.org\/{rel}","templated":true}]}}