{"id":661,"date":"2021-01-02T05:50:50","date_gmt":"2021-01-02T05:50:50","guid":{"rendered":"https:\/\/puds.unr.edu.ar\/?page_id=661"},"modified":"2021-01-02T17:51:36","modified_gmt":"2021-01-02T17:51:36","slug":"objetivos-de-la-carrera","status":"publish","type":"page","link":"https:\/\/puds.unr.edu.ar\/?page_id=661","title":{"rendered":"Objetivos de la Carrera"},"content":{"rendered":"\n<p><strong>3.1<\/strong> Analizar los procesos sociales y culturales desde una perspectiva interdisciplinaria focalizada en estudios de sexualidades y g\u00e9nero.<\/p>\n\n\n\n<p><strong>3.2<\/strong> Reflexionar cr\u00edticamente sobre las categor\u00edas desarrolladas desde la perspectiva de sexualidades y g\u00e9nero en sus implicancias conceptuales y pol\u00edticas.<\/p>\n\n\n\n<p><strong>3.3<\/strong> Desarrollar un trabajo formativo interdisciplinario que favorezca intervenciones (en distintas instituciones p\u00fablicas o privadas) de especialistas id\u00f3neos en la perspectiva y el campo de estudios.<\/p>\n\n\n\n<p><strong>3.4<\/strong> Propiciar una contribuci\u00f3n al curr\u00edculum acad\u00e9mico mediante el ofrecimiento y la transmisi\u00f3n de las herramientas te\u00f3ricas necesarias en la perspectiva adoptada, tendiendo a consolidar su legitimidad epistemol\u00f3gica y su actualidad.<\/p>\n","protected":false},"excerpt":{"rendered":"<p>3.1 Analizar los procesos sociales y culturales desde una perspectiva interdisciplinaria focalizada en estudios de sexualidades y g\u00e9nero. 3.2 Reflexionar cr\u00edticamente sobre las categor\u00edas desarrolladas desde la perspectiva de sexualidades y g\u00e9nero en sus implicancias conceptuales y pol\u00edticas. 3.3 Desarrollar un trabajo formativo interdisciplinario que favorezca intervenciones (en distintas instituciones &#8230;<\/p>\n","protected":false},"author":1,"featured_media":0,"parent":0,"menu_order":0,"comment_status":"closed","ping_status":"closed","template":"","meta":{"footnotes":""},"class_list":["post-661","page","type-page","status-publish","hentry"],"_links":{"self":[{"href":"https:\/\/puds.unr.edu.ar\/index.php?rest_route=\/wp\/v2\/pages\/661","targetHints":{"allow":["GET"]}}],"collection":[{"href":"https:\/\/puds.unr.edu.ar\/index.php?rest_route=\/wp\/v2\/pages"}],"about":[{"href":"https:\/\/puds.unr.edu.ar\/index.php?rest_route=\/wp\/v2\/types\/page"}],"author":[{"embeddable":true,"href":"https:\/\/puds.unr.edu.ar\/index.php?rest_route=\/wp\/v2\/users\/1"}],"replies":[{"embeddable":true,"href":"https:\/\/puds.unr.edu.ar\/index.php?rest_route=%2Fwp%2Fv2%2Fcomments&post=661"}],"version-history":[{"count":1,"href":"https:\/\/puds.unr.edu.ar\/index.php?rest_route=\/wp\/v2\/pages\/661\/revisions"}],"predecessor-version":[{"id":662,"href":"https:\/\/puds.unr.edu.ar\/index.php?rest_route=\/wp\/v2\/pages\/661\/revisions\/662"}],"wp:attachment":[{"href":"https:\/\/puds.unr.edu.ar\/index.php?rest_route=%2Fwp%2Fv2%2Fmedia&parent=661"}],"curies":[{"name":"wp","href":"https:\/\/api.w.org\/{rel}","templated":true}]}}